{"id":28,"date":"2023-10-30T21:03:49","date_gmt":"2023-10-30T21:03:49","guid":{"rendered":"https:\/\/brhands.org\/cat\/?page_id=28"},"modified":"2023-11-05T00:48:46","modified_gmt":"2023-11-05T00:48:46","slug":"politica-de-cookies","status":"publish","type":"page","link":"https:\/\/brhands.org\/cat\/politica-de-cookies\/","title":{"rendered":"Pol\u00edtica de Cookies"},"content":{"rendered":"\n<h2 class=\"wp-block-heading\">PREMISA<\/h2>\n\n\n\n<p>Como gestora y responsable de este sitio web, he gestionado todo lo referente a este tema para cumplir con la normativa referente a las cookies y la pol\u00edticas de navegaci\u00f3n en general, pero tambi\u00e9n hay que tener en cuenta que no siempre es posible tener la informaci\u00f3n actualizada ya que el entorno de internet y el digital avanza a un ritmo trepidante.<\/p>\n\n\n\n<p>Por favor, si encuentras cualesquiera cookies no mencionadas comun\u00edcalo a lilit.delia@brhands.org para que podamos completar las Pol\u00edticas de Navegaci\u00f3n y Cookies.<\/p>\n\n\n\n<h2 class=\"wp-block-heading\">INTRODUCCI\u00d3N<\/h2>\n\n\n\n<h2 class=\"wp-block-heading\">\u00bfQU\u00c9 ES UNA COOKIE?<\/h2>\n\n\n\n<p>Las cookies son unos instrumentos utilizados por los servidores Web para almacenar y recuperar informaci\u00f3n acerca de sus usuarios. Una cookie es un fichero de texto que algunos servidores piden a nuestro navegador que escriba en nuestro disco duro, con informaci\u00f3n acerca de lo que hemos estado haciendo por sus p\u00e1ginas. Tienen una fecha de caducidad a partir de la cual dejan de ser operativa.<\/p>\n\n\n\n<h2 class=\"wp-block-heading\">LAS COOKIES IMPLEMENTADAS EN BRHANDS.ORG<\/h2>\n\n\n\n<p>En coherencia con las directrices de la Agencia Espa\u00f1ola de Protecci\u00f3n de Datos aqu\u00ed detallamos el uso de las cookies en este caso en particular.<\/p>\n\n\n\n<p>Aqu\u00ed se utilizan cookies propias y ajenas para conseguir que tengas una mejor experiencia de navegaci\u00f3n. Adem\u00e1s, te permite compartir contenido en social media y ense\u00f1arte publicidad af\u00edn a tus gustos y adem\u00e1s obtener estad\u00edsticas de usuarios.<\/p>\n\n\n\n<p>Las cookies empleadas en www.brhands.org se asocian \u00fanicamente con un usuario an\u00f3nimo y su ordenador.<\/p>\n\n\n\n<p>Usuario y no pueden leer datos de su disco duro ni incluir virus en sus textos. Asimismo, www.brhands.org no puede leer las cookies implantadas en el disco duro del Usuario desde otros servidores.<\/p>\n\n\n\n<p>El usuario puede libremente decidir acerca de la implantaci\u00f3n o no en su disco duro de las cookies empleadas en www.brhands.org. En este sentido, el usuario puede configurar su navegador para aceptar o rechazar por defecto todas las cookies o para recibir un aviso en pantalla de la recepci\u00f3n de cada cookie en particular y decidir en ese momento su ejecuci\u00f3n o no en su disco duro.<\/p>\n\n\n\n<p>En cualquier caso, el Usuario podr\u00e1 eliminar las cookies implantadas en su disco duro en cualquier momento, siguiendo el procedimiento establecido en el apartado de ayuda de su navegador.<\/p>\n\n\n\n<p>Como usuario, puedes rechazar el tratamiento de los datos o la informaci\u00f3n bloqueando estas cookies mediante la configuraci\u00f3n apropiada de tu navegador.<\/p>\n\n\n\n<h2 class=\"wp-block-heading\">\u00bfPARA QU\u00c9 SIRVEN LAS COOKIES DE ESTE SITIO?<\/h2>\n\n\n\n<p>En este sitio web se utilizan diferentes tipolog\u00edas de cookies: t\u00e9cnicas, personalizaci\u00f3n, anal\u00edticas y publicitarias. Estas cookies trabajan para las siguientes funciones\/objetivos:<\/p>\n\n\n\n<ul class=\"wp-block-list\">\n<li>Garantizar un funcionamiento optimo de la web<\/li>\n\n\n\n<li>La visualizaci\u00f3n de contenido audiovisual<\/li>\n\n\n\n<li>Compartir el contenido de tu inter\u00e9s en redes sociales<\/li>\n\n\n\n<li>Mejorar la propuesta de anuncios en funci\u00f3n de tus gustos y datos de navegaci\u00f3n<\/li>\n<\/ul>\n\n\n\n<h2 class=\"wp-block-heading\">\u00bfA QUI\u00c9N PERTENECEN LAS COOKIES QUE UTILIZA ESTE SITIO WEB?<\/h2>\n\n\n\n<p>Las cookies m\u00e1s importantes para este sitio web son las siguientes:<\/p>\n\n\n\n<ul class=\"wp-block-list\">\n<li>WordPress: brhands.org es usuaria de la plataforma de suministro y alojamiento de blogs WordPress, propiedad de la empresa norteamericana Automattic, Inc.<\/li>\n\n\n\n<li>Social Media<\/li>\n\n\n\n<li>Facebook: https:\/\/www.facebook.com\/help\/323540651073243\/<\/li>\n\n\n\n<li>Twitter: https:\/\/twitter.com\/privacy<\/li>\n\n\n\n<li>Instagram: https:\/\/help.instagram.com\/155833707900388<\/li>\n<\/ul>\n\n\n\n<p>\u00bfSe pueden gestionar o desactivar las cookies?<\/p>\n\n\n\n<p>Puedes gestionar las cookies de manera diferente seg\u00fan el navegador. Los navegadores m\u00e1s utilizados: Google Chrome, Internet Explorer, Mozilla Firefox y Apple Safari.<\/p>\n","protected":false},"excerpt":{"rendered":"<p>PREMISA Como gestora y responsable de este sitio web, he gestionado todo lo referente a este tema para cumplir con la normativa referente a las cookies y la pol\u00edticas de navegaci\u00f3n en general, pero tambi\u00e9n hay que tener en cuenta que no siempre es posible tener la informaci\u00f3n actualizada ya que el entorno de internet [&hellip;]<\/p>\n","protected":false},"author":1,"featured_media":0,"parent":0,"menu_order":0,"comment_status":"closed","ping_status":"closed","template":"","meta":{"_et_pb_use_builder":"off","_et_pb_old_content":"","_et_gb_content_width":"","inline_featured_image":false,"footnotes":""},"class_list":["post-28","page","type-page","status-publish","hentry"],"yoast_head":"<!-- This site is optimized with the Yoast SEO plugin v27.4 - https:\/\/yoast.com\/product\/yoast-seo-wordpress\/ -->\n<title>Pol\u00edtica de Cookies - Brhands<\/title>\n<meta name=\"robots\" content=\"index, follow, max-snippet:-1, max-image-preview:large, max-video-preview:-1\" \/>\n<link rel=\"canonical\" href=\"https:\/\/brhands.org\/cat\/politica-de-cookies\/\" \/>\n<meta property=\"og:locale\" content=\"ca_ES\" \/>\n<meta property=\"og:type\" content=\"article\" \/>\n<meta property=\"og:title\" content=\"Pol\u00edtica de Cookies - Brhands\" \/>\n<meta property=\"og:description\" content=\"PREMISA Como gestora y responsable de este sitio web, he gestionado todo lo referente a este tema para cumplir con la normativa referente a las cookies y la pol\u00edticas de navegaci\u00f3n en general, pero tambi\u00e9n hay que tener en cuenta que no siempre es posible tener la informaci\u00f3n actualizada ya que el entorno de internet [&hellip;]\" \/>\n<meta property=\"og:url\" content=\"https:\/\/brhands.org\/cat\/politica-de-cookies\/\" \/>\n<meta property=\"og:site_name\" content=\"Brhands\" \/>\n<meta property=\"article:modified_time\" content=\"2023-11-05T00:48:46+00:00\" \/>\n<meta name=\"twitter:card\" content=\"summary_large_image\" \/>\n<meta name=\"twitter:label1\" content=\"Temps estimat de lectura\" \/>\n\t<meta name=\"twitter:data1\" content=\"3 minuts\" \/>\n<script type=\"application\/ld+json\" class=\"yoast-schema-graph\">{\"@context\":\"https:\\\/\\\/schema.org\",\"@graph\":[{\"@type\":\"WebPage\",\"@id\":\"https:\\\/\\\/brhands.org\\\/cat\\\/politica-de-cookies\\\/\",\"url\":\"https:\\\/\\\/brhands.org\\\/cat\\\/politica-de-cookies\\\/\",\"name\":\"Pol\u00edtica de Cookies - Brhands\",\"isPartOf\":{\"@id\":\"https:\\\/\\\/brhands.org\\\/cat\\\/#website\"},\"datePublished\":\"2023-10-30T21:03:49+00:00\",\"dateModified\":\"2023-11-05T00:48:46+00:00\",\"breadcrumb\":{\"@id\":\"https:\\\/\\\/brhands.org\\\/cat\\\/politica-de-cookies\\\/#breadcrumb\"},\"inLanguage\":\"ca\",\"potentialAction\":[{\"@type\":\"ReadAction\",\"target\":[\"https:\\\/\\\/brhands.org\\\/cat\\\/politica-de-cookies\\\/\"]}]},{\"@type\":\"BreadcrumbList\",\"@id\":\"https:\\\/\\\/brhands.org\\\/cat\\\/politica-de-cookies\\\/#breadcrumb\",\"itemListElement\":[{\"@type\":\"ListItem\",\"position\":1,\"name\":\"Portada\",\"item\":\"https:\\\/\\\/brhands.org\\\/cat\\\/\"},{\"@type\":\"ListItem\",\"position\":2,\"name\":\"Pol\u00edtica de Cookies\"}]},{\"@type\":\"WebSite\",\"@id\":\"https:\\\/\\\/brhands.org\\\/cat\\\/#website\",\"url\":\"https:\\\/\\\/brhands.org\\\/cat\\\/\",\"name\":\"Brhands\",\"description\":\"Lilit D\u2019Elia\",\"potentialAction\":[{\"@type\":\"SearchAction\",\"target\":{\"@type\":\"EntryPoint\",\"urlTemplate\":\"https:\\\/\\\/brhands.org\\\/cat\\\/?s={search_term_string}\"},\"query-input\":{\"@type\":\"PropertyValueSpecification\",\"valueRequired\":true,\"valueName\":\"search_term_string\"}}],\"inLanguage\":\"ca\"}]}<\/script>\n<!-- \/ Yoast SEO plugin. -->","yoast_head_json":{"title":"Pol\u00edtica de Cookies - Brhands","robots":{"index":"index","follow":"follow","max-snippet":"max-snippet:-1","max-image-preview":"max-image-preview:large","max-video-preview":"max-video-preview:-1"},"canonical":"https:\/\/brhands.org\/cat\/politica-de-cookies\/","og_locale":"ca_ES","og_type":"article","og_title":"Pol\u00edtica de Cookies - Brhands","og_description":"PREMISA Como gestora y responsable de este sitio web, he gestionado todo lo referente a este tema para cumplir con la normativa referente a las cookies y la pol\u00edticas de navegaci\u00f3n en general, pero tambi\u00e9n hay que tener en cuenta que no siempre es posible tener la informaci\u00f3n actualizada ya que el entorno de internet [&hellip;]","og_url":"https:\/\/brhands.org\/cat\/politica-de-cookies\/","og_site_name":"Brhands","article_modified_time":"2023-11-05T00:48:46+00:00","twitter_card":"summary_large_image","twitter_misc":{"Temps estimat de lectura":"3 minuts"},"schema":{"@context":"https:\/\/schema.org","@graph":[{"@type":"WebPage","@id":"https:\/\/brhands.org\/cat\/politica-de-cookies\/","url":"https:\/\/brhands.org\/cat\/politica-de-cookies\/","name":"Pol\u00edtica de Cookies - Brhands","isPartOf":{"@id":"https:\/\/brhands.org\/cat\/#website"},"datePublished":"2023-10-30T21:03:49+00:00","dateModified":"2023-11-05T00:48:46+00:00","breadcrumb":{"@id":"https:\/\/brhands.org\/cat\/politica-de-cookies\/#breadcrumb"},"inLanguage":"ca","potentialAction":[{"@type":"ReadAction","target":["https:\/\/brhands.org\/cat\/politica-de-cookies\/"]}]},{"@type":"BreadcrumbList","@id":"https:\/\/brhands.org\/cat\/politica-de-cookies\/#breadcrumb","itemListElement":[{"@type":"ListItem","position":1,"name":"Portada","item":"https:\/\/brhands.org\/cat\/"},{"@type":"ListItem","position":2,"name":"Pol\u00edtica de Cookies"}]},{"@type":"WebSite","@id":"https:\/\/brhands.org\/cat\/#website","url":"https:\/\/brhands.org\/cat\/","name":"Brhands","description":"Lilit D\u2019Elia","potentialAction":[{"@type":"SearchAction","target":{"@type":"EntryPoint","urlTemplate":"https:\/\/brhands.org\/cat\/?s={search_term_string}"},"query-input":{"@type":"PropertyValueSpecification","valueRequired":true,"valueName":"search_term_string"}}],"inLanguage":"ca"}]}},"_links":{"self":[{"href":"https:\/\/brhands.org\/cat\/wp-json\/wp\/v2\/pages\/28","targetHints":{"allow":["GET"]}}],"collection":[{"href":"https:\/\/brhands.org\/cat\/wp-json\/wp\/v2\/pages"}],"about":[{"href":"https:\/\/brhands.org\/cat\/wp-json\/wp\/v2\/types\/page"}],"author":[{"embeddable":true,"href":"https:\/\/brhands.org\/cat\/wp-json\/wp\/v2\/users\/1"}],"replies":[{"embeddable":true,"href":"https:\/\/brhands.org\/cat\/wp-json\/wp\/v2\/comments?post=28"}],"version-history":[{"count":2,"href":"https:\/\/brhands.org\/cat\/wp-json\/wp\/v2\/pages\/28\/revisions"}],"predecessor-version":[{"id":589,"href":"https:\/\/brhands.org\/cat\/wp-json\/wp\/v2\/pages\/28\/revisions\/589"}],"wp:attachment":[{"href":"https:\/\/brhands.org\/cat\/wp-json\/wp\/v2\/media?parent=28"}],"curies":[{"name":"wp","href":"https:\/\/api.w.org\/{rel}","templated":true}]}}