{"id":30,"date":"2023-10-30T21:04:08","date_gmt":"2023-10-30T21:04:08","guid":{"rendered":"https:\/\/brhands.org\/cat\/?page_id=30"},"modified":"2023-11-05T00:59:29","modified_gmt":"2023-11-05T00:59:29","slug":"politica-de-privacidad","status":"publish","type":"page","link":"https:\/\/brhands.org\/cat\/politica-de-privacidad\/","title":{"rendered":"Pol\u00edtica de Privacidad"},"content":{"rendered":"\n<h2 class=\"wp-block-heading\">Datos del responsable de Brhands<\/h2>\n\n\n\n<p>Le informamos que Lilit D\u2019Elia (en adelante BRHANDS) es la titular de la web brhands.org, con NIE: X7838078T y domicilio en Barcelona. Puedes escribir a lilit.delia@brhands.org.<\/p>\n\n\n\n<h2 class=\"wp-block-heading\">Legitimaci\u00f3n para el tratamiento de los datos<\/h2>\n\n\n\n<p>La legitimaci\u00f3n reside y se plasma gracias al consentimiento expl\u00edcito que se solicita en los diferentes formularios de contacto en cada caso en este sitio web: www.brhands.org. Todo aquel usuario que facilite datos personales trave\u0301s de los diferentes formularios de contacto de la web de Brhands.org, esta\u0301 proporcionando voluntariamente datos de car\u00e1cter personal (de ahora en adelante los Datos Personales). La informaci\u00f3n personal que facilite pasar\u00e1 a ser introducida en un tratamiento bajo la responsabilidad y gesti\u00f3n de Brhands.org, y se mantendr\u00e1\u0301 confidencial y protegida.<\/p>\n\n\n\n<p>Brhands informa a todos los usuarios que, en cumplimiento del RGPD 679\/2016 dispone de un Registro de Actividades. Por todo ello, el usuario acepta de forma expresa y plenamente y sin reservas que Brhands trate sus datos personales de forma automatizada e incorpore en el tratamiento de datos con la finalidad de poderle responder las consultas plantadas. Aqu\u00ed se detalla la recopilaci\u00f3n y el uso que se se hace de la informaci\u00f3n personal. Salvo que se establezca lo contrario, se considerara\u0301 necesario completar todos los datos obligatorios para utilizar todos los formularios.<\/p>\n\n\n\n<h2 class=\"wp-block-heading\">Procedencia de la obtenci\u00f3n de los datos de car\u00e1cter personal<\/h2>\n\n\n\n<p>Toda la informaci\u00f3n personal, datos de car\u00e1cter personal, que tenemos que has facilitado de manera espontanea y voluntaria a trav\u00e9s del formulario de contacto oficial. Los datos de Los Datos Personales son tratados con el grado de protecci\u00f3n legalmente exigible para garantizar la seguridad de los mismos y evitar su alteraci\u00f3n, p\u00e9rdida, tratamiento o acceso no autorizado, habida cuenta del estado de la tecnolog\u00eda, siendo el usuario consciente y aceptando que las medidas de seguridad en internet no son inexpugnables.<\/p>\n\n\n\n<h2 class=\"wp-block-heading\">La finalidad del tratamiento de los datos personales facilitados<\/h2>\n\n\n\n<p>La finalidad es informar y atender las peticiones que se reciban a trav\u00e9s de los distintos formularios del sitio web brhands.org. Bajo ning\u00fan concepto o situaci\u00f3n se destinar\u00e1s o utilizar\u00e1n dichos datos personales para para otros fines, ni se entregara\u0301 a terceras personas sin su consentimiento, de acuerdo con los principios del RGPD 679\/2016.<\/p>\n\n\n\n<h2 class=\"wp-block-heading\">Derechos tras facilitar los datos: rectificaci\u00f3n y\/o eliminaci\u00f3n\/supresi\u00f3n<\/h2>\n\n\n\n<p>Cualquier persona tiene derecho a obtener confirmacio\u0301n sobre si en Brhands.org estamos tratando datos personales que les conciernan, o no. La persona interesada siempre tendr\u00e1 derecho a solicitar la rectificaci\u00f3n de los datos inexactos o, en su caso, solicitar su supresi\u00f3n o limitaci\u00f3n del tratamiento seg\u00fan lo establecido en la RGPD 679\/2016. Por favor para realizar cualquier gesti\u00f3n referente a estos derechos env\u00eda un mail al lilit.delia@brhands.org.<\/p>\n\n\n\n<h2 class=\"wp-block-heading\">El compromiso de Brhands<\/h2>\n\n\n\n<p>Brhands.org se compromete a preservar y proteger la intimidad de toda aquella persona que haya facilitado los datos y tratarlos con total confidencialidad. Adem\u00e1s, se garantiza que los datos proporcionados se conservar\u00e1n siguiendo el cumplimento de los plazos legales que resulten de la aplicaci\u00f3n.<\/p>\n","protected":false},"excerpt":{"rendered":"<p>Datos del responsable de Brhands Le informamos que Lilit D\u2019Elia (en adelante BRHANDS) es la titular de la web brhands.org, con NIE: X7838078T y domicilio en Barcelona. Puedes escribir a lilit.delia@brhands.org. Legitimaci\u00f3n para el tratamiento de los datos La legitimaci\u00f3n reside y se plasma gracias al consentimiento expl\u00edcito que se solicita en los diferentes formularios [&hellip;]<\/p>\n","protected":false},"author":1,"featured_media":0,"parent":0,"menu_order":0,"comment_status":"closed","ping_status":"closed","template":"","meta":{"_et_pb_use_builder":"off","_et_pb_old_content":"","_et_gb_content_width":"","inline_featured_image":false,"footnotes":""},"class_list":["post-30","page","type-page","status-publish","hentry"],"yoast_head":"<!-- This site is optimized with the Yoast SEO plugin v27.4 - https:\/\/yoast.com\/product\/yoast-seo-wordpress\/ -->\n<title>Pol\u00edtica de Privacidad - Brhands<\/title>\n<meta name=\"robots\" content=\"index, follow, max-snippet:-1, max-image-preview:large, max-video-preview:-1\" \/>\n<link rel=\"canonical\" href=\"https:\/\/brhands.org\/cat\/politica-de-privacidad\/\" \/>\n<meta property=\"og:locale\" content=\"ca_ES\" \/>\n<meta property=\"og:type\" content=\"article\" \/>\n<meta property=\"og:title\" content=\"Pol\u00edtica de Privacidad - Brhands\" \/>\n<meta property=\"og:description\" content=\"Datos del responsable de Brhands Le informamos que Lilit D\u2019Elia (en adelante BRHANDS) es la titular de la web brhands.org, con NIE: X7838078T y domicilio en Barcelona. Puedes escribir a lilit.delia@brhands.org. Legitimaci\u00f3n para el tratamiento de los datos La legitimaci\u00f3n reside y se plasma gracias al consentimiento expl\u00edcito que se solicita en los diferentes formularios [&hellip;]\" \/>\n<meta property=\"og:url\" content=\"https:\/\/brhands.org\/cat\/politica-de-privacidad\/\" \/>\n<meta property=\"og:site_name\" content=\"Brhands\" \/>\n<meta property=\"article:modified_time\" content=\"2023-11-05T00:59:29+00:00\" \/>\n<meta name=\"twitter:card\" content=\"summary_large_image\" \/>\n<meta name=\"twitter:label1\" content=\"Temps estimat de lectura\" \/>\n\t<meta name=\"twitter:data1\" content=\"3 minuts\" \/>\n<script type=\"application\/ld+json\" class=\"yoast-schema-graph\">{\"@context\":\"https:\\\/\\\/schema.org\",\"@graph\":[{\"@type\":\"WebPage\",\"@id\":\"https:\\\/\\\/brhands.org\\\/cat\\\/politica-de-privacidad\\\/\",\"url\":\"https:\\\/\\\/brhands.org\\\/cat\\\/politica-de-privacidad\\\/\",\"name\":\"Pol\u00edtica de Privacidad - Brhands\",\"isPartOf\":{\"@id\":\"https:\\\/\\\/brhands.org\\\/cat\\\/#website\"},\"datePublished\":\"2023-10-30T21:04:08+00:00\",\"dateModified\":\"2023-11-05T00:59:29+00:00\",\"breadcrumb\":{\"@id\":\"https:\\\/\\\/brhands.org\\\/cat\\\/politica-de-privacidad\\\/#breadcrumb\"},\"inLanguage\":\"ca\",\"potentialAction\":[{\"@type\":\"ReadAction\",\"target\":[\"https:\\\/\\\/brhands.org\\\/cat\\\/politica-de-privacidad\\\/\"]}]},{\"@type\":\"BreadcrumbList\",\"@id\":\"https:\\\/\\\/brhands.org\\\/cat\\\/politica-de-privacidad\\\/#breadcrumb\",\"itemListElement\":[{\"@type\":\"ListItem\",\"position\":1,\"name\":\"Portada\",\"item\":\"https:\\\/\\\/brhands.org\\\/cat\\\/\"},{\"@type\":\"ListItem\",\"position\":2,\"name\":\"Pol\u00edtica de Privacidad\"}]},{\"@type\":\"WebSite\",\"@id\":\"https:\\\/\\\/brhands.org\\\/cat\\\/#website\",\"url\":\"https:\\\/\\\/brhands.org\\\/cat\\\/\",\"name\":\"Brhands\",\"description\":\"Lilit D\u2019Elia\",\"potentialAction\":[{\"@type\":\"SearchAction\",\"target\":{\"@type\":\"EntryPoint\",\"urlTemplate\":\"https:\\\/\\\/brhands.org\\\/cat\\\/?s={search_term_string}\"},\"query-input\":{\"@type\":\"PropertyValueSpecification\",\"valueRequired\":true,\"valueName\":\"search_term_string\"}}],\"inLanguage\":\"ca\"}]}<\/script>\n<!-- \/ Yoast SEO plugin. -->","yoast_head_json":{"title":"Pol\u00edtica de Privacidad - Brhands","robots":{"index":"index","follow":"follow","max-snippet":"max-snippet:-1","max-image-preview":"max-image-preview:large","max-video-preview":"max-video-preview:-1"},"canonical":"https:\/\/brhands.org\/cat\/politica-de-privacidad\/","og_locale":"ca_ES","og_type":"article","og_title":"Pol\u00edtica de Privacidad - Brhands","og_description":"Datos del responsable de Brhands Le informamos que Lilit D\u2019Elia (en adelante BRHANDS) es la titular de la web brhands.org, con NIE: X7838078T y domicilio en Barcelona. Puedes escribir a lilit.delia@brhands.org. Legitimaci\u00f3n para el tratamiento de los datos La legitimaci\u00f3n reside y se plasma gracias al consentimiento expl\u00edcito que se solicita en los diferentes formularios [&hellip;]","og_url":"https:\/\/brhands.org\/cat\/politica-de-privacidad\/","og_site_name":"Brhands","article_modified_time":"2023-11-05T00:59:29+00:00","twitter_card":"summary_large_image","twitter_misc":{"Temps estimat de lectura":"3 minuts"},"schema":{"@context":"https:\/\/schema.org","@graph":[{"@type":"WebPage","@id":"https:\/\/brhands.org\/cat\/politica-de-privacidad\/","url":"https:\/\/brhands.org\/cat\/politica-de-privacidad\/","name":"Pol\u00edtica de Privacidad - Brhands","isPartOf":{"@id":"https:\/\/brhands.org\/cat\/#website"},"datePublished":"2023-10-30T21:04:08+00:00","dateModified":"2023-11-05T00:59:29+00:00","breadcrumb":{"@id":"https:\/\/brhands.org\/cat\/politica-de-privacidad\/#breadcrumb"},"inLanguage":"ca","potentialAction":[{"@type":"ReadAction","target":["https:\/\/brhands.org\/cat\/politica-de-privacidad\/"]}]},{"@type":"BreadcrumbList","@id":"https:\/\/brhands.org\/cat\/politica-de-privacidad\/#breadcrumb","itemListElement":[{"@type":"ListItem","position":1,"name":"Portada","item":"https:\/\/brhands.org\/cat\/"},{"@type":"ListItem","position":2,"name":"Pol\u00edtica de Privacidad"}]},{"@type":"WebSite","@id":"https:\/\/brhands.org\/cat\/#website","url":"https:\/\/brhands.org\/cat\/","name":"Brhands","description":"Lilit D\u2019Elia","potentialAction":[{"@type":"SearchAction","target":{"@type":"EntryPoint","urlTemplate":"https:\/\/brhands.org\/cat\/?s={search_term_string}"},"query-input":{"@type":"PropertyValueSpecification","valueRequired":true,"valueName":"search_term_string"}}],"inLanguage":"ca"}]}},"_links":{"self":[{"href":"https:\/\/brhands.org\/cat\/wp-json\/wp\/v2\/pages\/30","targetHints":{"allow":["GET"]}}],"collection":[{"href":"https:\/\/brhands.org\/cat\/wp-json\/wp\/v2\/pages"}],"about":[{"href":"https:\/\/brhands.org\/cat\/wp-json\/wp\/v2\/types\/page"}],"author":[{"embeddable":true,"href":"https:\/\/brhands.org\/cat\/wp-json\/wp\/v2\/users\/1"}],"replies":[{"embeddable":true,"href":"https:\/\/brhands.org\/cat\/wp-json\/wp\/v2\/comments?post=30"}],"version-history":[{"count":2,"href":"https:\/\/brhands.org\/cat\/wp-json\/wp\/v2\/pages\/30\/revisions"}],"predecessor-version":[{"id":612,"href":"https:\/\/brhands.org\/cat\/wp-json\/wp\/v2\/pages\/30\/revisions\/612"}],"wp:attachment":[{"href":"https:\/\/brhands.org\/cat\/wp-json\/wp\/v2\/media?parent=30"}],"curies":[{"name":"wp","href":"https:\/\/api.w.org\/{rel}","templated":true}]}}